{"id":63,"date":"2025-07-21T18:56:38","date_gmt":"2025-07-21T18:56:38","guid":{"rendered":"https:\/\/salinasgold.com.br\/?page_id=63"},"modified":"2025-08-11T17:21:11","modified_gmt":"2025-08-11T17:21:11","slug":"esg","status":"publish","type":"page","link":"https:\/\/salinasgold.com.br\/en\/esg\/","title":{"rendered":"ESG"},"content":{"rendered":"<div data-elementor-type=\"wp-page\" data-elementor-id=\"63\" class=\"elementor elementor-63\" data-elementor-post-type=\"page\">\n\t\t\t\t<div data-particle_enable=\"false\" data-particle-mobile-disabled=\"false\" class=\"elementor-element elementor-element-01141b7 e-flex e-con-boxed e-con e-parent\" data-id=\"01141b7\" data-element_type=\"container\" data-e-type=\"container\" data-settings=\"{&quot;background_background&quot;:&quot;classic&quot;}\">\n\t\t\t\t\t<div class=\"e-con-inner\">\n\t\t<div data-particle_enable=\"false\" data-particle-mobile-disabled=\"false\" class=\"elementor-element elementor-element-072401e e-con-full e-flex e-con e-child\" data-id=\"072401e\" data-element_type=\"container\" data-e-type=\"container\">\n\t\t\t\t<\/div>\n\t\t<div data-particle_enable=\"false\" data-particle-mobile-disabled=\"false\" class=\"elementor-element elementor-element-0d4e121 e-con-full e-flex e-con e-child\" data-id=\"0d4e121\" data-element_type=\"container\" data-e-type=\"container\">\n\t\t\t\t<div class=\"elementor-element elementor-element-c292715 elementor-widget__width-initial elementor-widget elementor-widget-heading\" data-id=\"c292715\" data-element_type=\"widget\" data-e-type=\"widget\" data-widget_type=\"heading.default\">\n\t\t\t\t\t<h2 class=\"elementor-heading-title elementor-size-default\">Together, building \n<br>a more sustainable future!<\/h2>\t\t\t\t<\/div>\n\t\t\t\t<div class=\"elementor-element elementor-element-2db07bd elementor-widget__width-initial elementor-widget elementor-widget-text-editor\" data-id=\"2db07bd\" data-element_type=\"widget\" data-e-type=\"widget\" data-widget_type=\"text-editor.default\">\n\t\t\t\t\t\t\t\t\t<p>We believe it is possible to do business in an ethical and responsible way, respecting both the environment and society. That\u2019s why we work every day to implement sustainable practices and policies across all areas of our company.<\/p><p>Together, we can make a difference!<\/p>\t\t\t\t\t\t\t\t<\/div>\n\t\t\t\t<\/div>\n\t\t\t\t\t<\/div>\n\t\t\t\t<\/div>\n\t\t<div data-particle_enable=\"false\" data-particle-mobile-disabled=\"false\" class=\"elementor-element elementor-element-5b8b24a e-flex e-con-boxed e-con e-parent\" data-id=\"5b8b24a\" data-element_type=\"container\" data-e-type=\"container\">\n\t\t\t\t\t<div class=\"e-con-inner\">\n\t\t<div data-particle_enable=\"false\" data-particle-mobile-disabled=\"false\" class=\"elementor-element elementor-element-1b329dd e-con-full e-flex e-con e-child\" data-id=\"1b329dd\" data-element_type=\"container\" data-e-type=\"container\" data-settings=\"{&quot;background_background&quot;:&quot;classic&quot;}\">\n\t\t<div data-particle_enable=\"false\" data-particle-mobile-disabled=\"false\" class=\"elementor-element elementor-element-5a980c3 e-con-full e-flex e-con e-child\" data-id=\"5a980c3\" data-element_type=\"container\" data-e-type=\"container\">\n\t\t\t\t<div class=\"elementor-element elementor-element-8b1b679 elementor-widget elementor-widget-text-editor\" data-id=\"8b1b679\" data-element_type=\"widget\" data-e-type=\"widget\" data-widget_type=\"text-editor.default\">\n\t\t\t\t\t\t\t\t\t<p style=\"text-align: justify;\">At Salinas Gold, sustainability is an essential part of our culture and is embedded in our business strategy. For us, it is not an isolated initiative but a continuous commitment to responsible and sustainable practices.<\/p>\t\t\t\t\t\t\t\t<\/div>\n\t\t\t\t<\/div>\n\t\t<div data-particle_enable=\"false\" data-particle-mobile-disabled=\"false\" class=\"elementor-element elementor-element-922ebc8 e-con-full e-flex e-con e-child\" data-id=\"922ebc8\" data-element_type=\"container\" data-e-type=\"container\" data-settings=\"{&quot;background_background&quot;:&quot;classic&quot;}\">\n\t\t\t\t<div class=\"elementor-element elementor-element-9f66f78 elementor-widget elementor-widget-spacer\" data-id=\"9f66f78\" data-element_type=\"widget\" data-e-type=\"widget\" data-widget_type=\"spacer.default\">\n\t\t\t\t\t\t\t<div class=\"elementor-spacer\">\n\t\t\t<div class=\"elementor-spacer-inner\"><\/div>\n\t\t<\/div>\n\t\t\t\t\t\t<\/div>\n\t\t\t\t<\/div>\n\t\t\t\t<\/div>\n\t\t\t\t\t<\/div>\n\t\t\t\t<\/div>\n\t\t<div data-particle_enable=\"false\" data-particle-mobile-disabled=\"false\" class=\"elementor-element elementor-element-993deca e-flex e-con-boxed e-con e-parent\" data-id=\"993deca\" data-element_type=\"container\" data-e-type=\"container\">\n\t\t\t\t\t<div class=\"e-con-inner\">\n\t\t<div data-particle_enable=\"false\" data-particle-mobile-disabled=\"false\" class=\"elementor-element elementor-element-960c3d7 e-con-full e-flex e-con e-child\" data-id=\"960c3d7\" data-element_type=\"container\" data-e-type=\"container\">\n\t\t\t\t<div class=\"elementor-element elementor-element-c6a4021 elementor-widget__width-initial elementor-widget elementor-widget-heading\" data-id=\"c6a4021\" data-element_type=\"widget\" data-e-type=\"widget\" data-widget_type=\"heading.default\">\n\t\t\t\t\t<h2 class=\"elementor-heading-title elementor-size-default\">Commitments<\/h2>\t\t\t\t<\/div>\n\t\t\t\t<div class=\"elementor-element elementor-element-3d5ca16 elementor-widget-divider--view-line elementor-widget elementor-widget-divider\" data-id=\"3d5ca16\" data-element_type=\"widget\" data-e-type=\"widget\" data-widget_type=\"divider.default\">\n\t\t\t\t\t\t\t<div class=\"elementor-divider\">\n\t\t\t<span class=\"elementor-divider-separator\">\n\t\t\t\t\t\t<\/span>\n\t\t<\/div>\n\t\t\t\t\t\t<\/div>\n\t\t\t\t<\/div>\n\t\t<div data-particle_enable=\"false\" data-particle-mobile-disabled=\"false\" class=\"elementor-element elementor-element-664bed1 e-con-full e-flex e-con e-child\" data-id=\"664bed1\" data-element_type=\"container\" data-e-type=\"container\">\n\t\t\t\t<div class=\"elementor-element elementor-element-8179912 elementor-widget elementor-widget-text-editor\" data-id=\"8179912\" data-element_type=\"widget\" data-e-type=\"widget\" data-widget_type=\"text-editor.default\">\n\t\t\t\t\t\t\t\t\t<p style=\"text-align: justify;\">Learn about Salinas Gold\u2019s sustainability commitments and discover how they foster economic, social, and environmental development in the regions where we operate. Explore each theme and see how our sustainable actions create a positive impact wherever we go.<\/p>\t\t\t\t\t\t\t\t<\/div>\n\t\t\t\t<\/div>\n\t\t\t\t\t<\/div>\n\t\t\t\t<\/div>\n\t\t<div data-particle_enable=\"false\" data-particle-mobile-disabled=\"false\" class=\"elementor-element elementor-element-47794f0 e-flex e-con-boxed e-con e-parent\" data-id=\"47794f0\" data-element_type=\"container\" data-e-type=\"container\">\n\t\t\t\t\t<div class=\"e-con-inner\">\n\t\t\t\t<div class=\"elementor-element elementor-element-fb111b4 elementor-widget elementor-widget-shortcode\" data-id=\"fb111b4\" data-element_type=\"widget\" data-e-type=\"widget\" data-widget_type=\"shortcode.default\">\n\t\t\t\t\t\t\t<div class=\"elementor-shortcode\"><style id=\"depicter-108-inline-pre-css\">\n\n.depicter-108:not(.depicter-ready){\n\theight:550px;\n}\n\n\/***** Tablet *****\/\n@media screen and (max-width: 1024px){\n\n.depicter-108:not(.depicter-ready){\n\theight:700px;\n}\n\n}\n\/***** Mobile *****\/\n@media screen and (max-width: 767px){\n\n.depicter-108:not(.depicter-ready){\n\theight:740px;\n}\n\n}\n<\/style>\n<div id=\"depicter-108\" class=\"depicter depicter-document depicter-revert depicter-108 depicter-layout-fullwidth\">\n\n<div class=\"depicter-loading-container depicter-loading dotFlashing-dark\"><div class=\"depicter-loading-dark depicter-dot-flashing\">\n   <span><\/span>\n   <span><\/span>\n   <span><\/span>\n<\/div>\n<\/div>\n\n<div class=\"depicter-overlay-layers\">\n<div id=\"depicter-108-element-58\" class=\"depicter-element depicter-layer depicter-108-element-58\" data-type=\"symbol\" data-wrap=\"true\" data-name=\"Symbol 5\" data-local-id=\"element-58\" data-offset=\"x:154px;y:481px;origin:tl\" data-mobile-offset=\"x:212px;y:677px;origin:tl\" data-actions=\"[['gotoSection','click',0,{'type':'next','to':''}]]\" data-width=\"40px,,40px\" data-height=\"40px,,40px\" data-responsive-scale=\"true,,\">\n\t<svg width=\"16px\" height=\"13px\" viewbox=\"0 0 29.729 25.457\"><path d=\"M13.672,21.215l7.193-7.194H0v-4H20.866L13.673,2.829,16.5,0l12.02,12.02h0L16.5,24.043Z\" transform=\"translate(0.5 0.707)\" \/><\/svg>\n<\/div>\n\n<div id=\"depicter-108-element-59\" class=\"depicter-element depicter-layer depicter-108-element-59\" data-type=\"symbol\" data-wrap=\"true\" data-name=\"Symbol 6\" data-local-id=\"element-59\" data-offset=\"x:109px;y:481px;origin:tl\" data-mobile-offset=\"x:107px;y:677px;origin:tl\" data-actions=\"[['gotoSection','click',0,{'type':'previous','to':''}]]\" data-width=\"40px,,40px\" data-height=\"40px,,40px\" data-responsive-scale=\"true,,\">\n\t<svg width=\"16px\" height=\"13px\" viewbox=\"0 0 29.729 25.458\"><path d=\"M0,12.023H0L12.02,0l2.829,2.829L7.655,10.022H28.522v4H7.656l7.193,7.194L12.02,24.044Z\" transform=\"translate(0.707 0.707)\" \/><\/svg>\n<\/div>\n\n<div id=\"depicter-108-element-60\" class=\"depicter-element depicter-layer depicter-108-element-60\" data-type=\"bullet\" data-wrap=\"true\" data-name=\"Bullet 8\" data-local-id=\"element-60\" data-offset=\"x:163px;y:497px;origin:tl\" data-mobile-offset=\"x:161px;y:693px;origin:tl\" data-width=\"auto,,auto\" data-height=\"auto,,auto\" data-responsive-scale=\"true,,\"><\/div>\n<\/div>\n\n<div id=\"depicter-108-section-1\" class=\"depicter-section depicter-108-section-1\" data-name=\"Section 1\" data-type=\"section\" data-local-id=\"section-1\">\n<picture id=\"depicter-108-element-8\" class=\"depicter-element depicter-layer depicter-108-element-8\" data-type=\"image\" data-wrap=\"true\" data-name=\"Image 4\" data-local-id=\"element-8\" data-offset=\"x:-424px;y:-60px;origin:tl\" data-tablet-offset=\"x:-423px;y:-59px;origin:tl\" data-mobile-offset=\"x:-864px;y:1px;origin:tl\" data-width=\"2049px,2049px,1897px\" data-height=\"671px,671px,739px\" data-responsive-scale=\"true,,\" data-crop=\"false\">\n<source data-depicter-srcset=\"https:\/\/salinasgold.com.br\/wp-content\/uploads\/2025\/07\/homem-eja_1-1897x739.webp, https:\/\/salinasgold.com.br\/wp-content\/uploads\/2025\/07\/homem-eja_1-3794x1478.webp 2x\" srcset=\"data:image\/gif;base64,R0lGODlhAQABAIAAAAAAAP\/\/\/yH5BAEAAAAALAAAAAABAAEAAAIBRAA7\" media=\"(max-width: 767px)\" \/>\n\n<source data-depicter-srcset=\"https:\/\/salinasgold.com.br\/wp-content\/uploads\/2025\/07\/homem-eja_1-2049x671.webp, https:\/\/salinasgold.com.br\/wp-content\/uploads\/2025\/07\/homem-eja_1-4098x1342.webp 2x\" srcset=\"data:image\/gif;base64,R0lGODlhAQABAIAAAAAAAP\/\/\/yH5BAEAAAAALAAAAAABAAEAAAIBRAA7\" media=\"(min-width: 768px)\" \/>\n<img decoding=\"async\" src=\"data:image\/gif;base64,R0lGODlhAQABAIAAAAAAAP\/\/\/yH5BAEAAAAALAAAAAABAAEAAAIBRAA7\" data-depicter-src=\"https:\/\/salinasgold.com.br\/wp-content\/uploads\/2025\/07\/homem-eja_1-2049x671.webp\" alt=\"\" \/>\n<\/picture>\n<h2 data-animation-in=\"{'segmentBy':'word','direction':'bottom','duration':1800,'segmentAnimType':'maskAndTransform','easing':'easeOutExpo','movement':{'value':100,'unit':'%'},'delay':0,'overlap':0.9,'staggerDirection':'left','fade':false,'scale':0.9,'type':'text'}\" data-between-in-out=\"false\" id=\"depicter-108-element-3\" class=\"depicter-element depicter-layer depicter-108-element-3\" data-type=\"text\" data-wrap=\"true\" data-name=\"Text 1\" data-local-id=\"element-3\" data-offset=\"x:109px;y:257px;origin:tl\" data-mobile-offset=\"x:42px;y:445px;origin:tl\" data-width=\"428px,,\" data-height=\"auto,,\" data-responsive-scale=\"true,,\">Education transforms lives,<br>and Salinas Gold makes this<br>transformation a reality<\/h2>\n\n<picture data-animation-in=\"{'direction':'left','easing':'easeOutQuart','duration':2200,'movement':0,'scale':1.6,'delay':250,'type':'moveAndTransform'}\" data-between-in-out=\"false\" id=\"depicter-108-element-4\" class=\"depicter-element depicter-layer depicter-108-element-4\" data-type=\"image\" data-wrap=\"true\" data-name=\"Image 2\" data-local-id=\"element-4\" data-offset=\"x:109px;y:98px;origin:tl\" data-mobile-offset=\"x:42px;y:289px;origin:tl\" data-width=\"249px,,249px\" data-height=\"137px,,137px\" data-responsive-scale=\"true,,\" data-crop=\"false\">\n<source data-depicter-srcset=\"https:\/\/salinasgold.com.br\/wp-content\/uploads\/2025\/07\/Logo-Eja-8-249x137.png, https:\/\/salinasgold.com.br\/wp-content\/uploads\/2025\/07\/Logo-Eja-8-498x274.png 2x\" srcset=\"data:image\/gif;base64,R0lGODlhAQABAIAAAAAAAP\/\/\/yH5BAEAAAAALAAAAAABAAEAAAIBRAA7\" media=\"(max-width: 767px)\" \/>\n\n<source data-depicter-srcset=\"https:\/\/salinasgold.com.br\/wp-content\/uploads\/2025\/07\/Logo-Eja-8-249x137.png, https:\/\/salinasgold.com.br\/wp-content\/uploads\/2025\/07\/Logo-Eja-8-498x274.png 2x\" srcset=\"data:image\/gif;base64,R0lGODlhAQABAIAAAAAAAP\/\/\/yH5BAEAAAAALAAAAAABAAEAAAIBRAA7\" media=\"(min-width: 768px)\" \/>\n<img decoding=\"async\" src=\"data:image\/gif;base64,R0lGODlhAQABAIAAAAAAAP\/\/\/yH5BAEAAAAALAAAAAABAAEAAAIBRAA7\" data-depicter-src=\"https:\/\/salinasgold.com.br\/wp-content\/uploads\/2025\/07\/Logo-Eja-8-249x137.png\" alt=\"\" \/>\n<\/picture>\n<p id=\"depicter-108-element-6\" class=\"depicter-element depicter-layer depicter-108-element-6\" data-type=\"text\" data-wrap=\"true\" data-name=\"Text 2\" data-local-id=\"element-6\" data-offset=\"x:109px;y:416px;origin:tl\" data-mobile-offset=\"x:42px;y:575px;origin:tl\" data-width=\"auto,,265px\" data-height=\"auto,,auto\" data-responsive-scale=\"true,,\">We support social projects that positively impact<br>the communities where we are present.<\/p>\n\n<button id=\"depicter-108-element-66\" class=\"depicter-element depicter-layer depicter-108-element-66\" data-type=\"button\" data-wrap=\"true\" data-name=\"Button 3\" data-local-id=\"element-66\" data-offset=\"x:109px;y:375px;origin:tl\" data-mobile-offset=\"x:42px;y:530px;origin:tl\" data-width=\"162px,,\" data-height=\"24px,,\" data-responsive-scale=\"true,,\"><span class=\"dp-inner-content\">Discover our actions<\/span><\/button>\n<div id=\"depicter-108-element-67\" class=\"depicter-element depicter-layer depicter-108-element-67\" data-type=\"shape\" data-wrap=\"true\" data-name=\"Shape 8\" data-local-id=\"element-67\" data-offset=\"x:282px;y:385px;origin:tl\" data-mobile-offset=\"x:212px;y:545px;origin:tl\" data-width=\"116px,,52px\" data-height=\"2px,,2px\" data-responsive-scale=\"true,,\"><\/div>\n<\/div>\n\n<div id=\"depicter-108-section-30\" class=\"depicter-section depicter-108-section-30\" data-name=\"Slide 3\" data-type=\"section\" data-local-id=\"section-30\">\n<picture id=\"depicter-108-element-40\" class=\"depicter-element depicter-layer depicter-108-element-40\" data-type=\"image\" data-wrap=\"true\" data-name=\"Image 12\" data-local-id=\"element-40\" data-offset=\"x:-421px;y:-69px;origin:tl\" data-mobile-offset=\"x:-979px;y:-8px;origin:tl\" data-width=\"2043px,,2043px\" data-height=\"670px,,755px\" data-responsive-scale=\"true,,\" data-crop=\"false\">\n<source data-depicter-srcset=\"https:\/\/salinasgold.com.br\/wp-content\/uploads\/2025\/07\/Prancheta-1-copiar-2043x755.jpg, https:\/\/salinasgold.com.br\/wp-content\/uploads\/2025\/07\/Prancheta-1-copiar-4086x1510.jpg 2x\" srcset=\"data:image\/gif;base64,R0lGODlhAQABAIAAAAAAAP\/\/\/yH5BAEAAAAALAAAAAABAAEAAAIBRAA7\" media=\"(max-width: 767px)\" \/>\n\n<source data-depicter-srcset=\"https:\/\/salinasgold.com.br\/wp-content\/uploads\/2025\/07\/Prancheta-1-copiar-2043x670.jpg, https:\/\/salinasgold.com.br\/wp-content\/uploads\/2025\/07\/Prancheta-1-copiar-4086x1340.jpg 2x\" srcset=\"data:image\/gif;base64,R0lGODlhAQABAIAAAAAAAP\/\/\/yH5BAEAAAAALAAAAAABAAEAAAIBRAA7\" media=\"(min-width: 768px)\" \/>\n<img decoding=\"async\" src=\"data:image\/gif;base64,R0lGODlhAQABAIAAAAAAAP\/\/\/yH5BAEAAAAALAAAAAABAAEAAAIBRAA7\" data-depicter-src=\"https:\/\/salinasgold.com.br\/wp-content\/uploads\/2025\/07\/Prancheta-1-copiar-2043x670.jpg\" alt=\"\" \/>\n<\/picture>\n<h2 data-animation-in=\"{'segmentBy':'word','direction':'bottom','duration':1800,'segmentAnimType':'maskAndTransform','easing':'easeOutExpo','movement':{'value':100,'unit':'%'},'delay':0,'overlap':0.9,'staggerDirection':'left','fade':false,'scale':0.9,'type':'text'}\" data-between-in-out=\"false\" id=\"depicter-108-element-31\" class=\"depicter-element depicter-layer depicter-108-element-31\" data-type=\"text\" data-wrap=\"true\" data-name=\"Text 7\" data-local-id=\"element-31\" data-offset=\"x:109px;y:257px;origin:tl\" data-mobile-offset=\"x:42px;y:445px;origin:tl\" data-width=\"428px,,302px\" data-height=\"auto,,auto\" data-responsive-scale=\"true,,\">Education transforms lives,<br>and Salinas Gold makes this<br>transformation a reality<\/h2>\n\n<p id=\"depicter-108-element-34\" class=\"depicter-element depicter-layer depicter-108-element-34\" data-type=\"text\" data-wrap=\"true\" data-name=\"Text 8\" data-local-id=\"element-34\" data-offset=\"x:109px;y:416px;origin:tl\" data-mobile-offset=\"x:42px;y:575px;origin:tl\" data-width=\"auto,,auto\" data-height=\"auto,,auto\" data-responsive-scale=\"true,,\">We support social projects that positively impact<br>the communities where we are present.<\/p>\n\n<picture data-animation-in=\"{'direction':'left','easing':'easeOutQuart','duration':2200,'movement':0,'scale':1.6,'delay':250,'type':'moveAndTransform'}\" data-between-in-out=\"false\" id=\"depicter-108-element-39\" class=\"depicter-element depicter-layer depicter-108-element-39\" data-type=\"image\" data-wrap=\"true\" data-name=\"Image 11\" data-local-id=\"element-39\" data-offset=\"x:109px;y:98px;origin:tl\" data-mobile-offset=\"x:42px;y:289px;origin:tl\" data-width=\"236px,,236px\" data-height=\"141px,,141px\" data-responsive-scale=\"true,,\" data-crop=\"false\">\n<source data-depicter-srcset=\"https:\/\/salinasgold.com.br\/wp-content\/uploads\/2025\/07\/Agrupar-6-236x141.png, https:\/\/salinasgold.com.br\/wp-content\/uploads\/2025\/07\/Agrupar-6-472x282.png 2x\" srcset=\"data:image\/gif;base64,R0lGODlhAQABAIAAAAAAAP\/\/\/yH5BAEAAAAALAAAAAABAAEAAAIBRAA7\" media=\"(max-width: 767px)\" \/>\n\n<source data-depicter-srcset=\"https:\/\/salinasgold.com.br\/wp-content\/uploads\/2025\/07\/Agrupar-6-236x141.png, https:\/\/salinasgold.com.br\/wp-content\/uploads\/2025\/07\/Agrupar-6-472x282.png 2x\" srcset=\"data:image\/gif;base64,R0lGODlhAQABAIAAAAAAAP\/\/\/yH5BAEAAAAALAAAAAABAAEAAAIBRAA7\" media=\"(min-width: 768px)\" \/>\n<img decoding=\"async\" src=\"data:image\/gif;base64,R0lGODlhAQABAIAAAAAAAP\/\/\/yH5BAEAAAAALAAAAAABAAEAAAIBRAA7\" data-depicter-src=\"https:\/\/salinasgold.com.br\/wp-content\/uploads\/2025\/07\/Agrupar-6-236x141.png\" alt=\"\" \/>\n<\/picture>\n<button id=\"depicter-108-element-62\" class=\"depicter-element depicter-layer depicter-108-element-62\" data-type=\"button\" data-wrap=\"true\" data-name=\"Button 2\" data-local-id=\"element-62\" data-offset=\"x:109px;y:375px;origin:tl\" data-mobile-offset=\"x:42px;y:530px;origin:tl\" data-width=\"162px,,\" data-height=\"24px,,\" data-responsive-scale=\"true,,\"><span class=\"dp-inner-content\">Discover our actions<\/span><\/button>\n<div id=\"depicter-108-element-65\" class=\"depicter-element depicter-layer depicter-108-element-65\" data-type=\"shape\" data-wrap=\"true\" data-name=\"Shape 7\" data-local-id=\"element-65\" data-offset=\"x:282px;y:385px;origin:tl\" data-mobile-offset=\"x:212px;y:545px;origin:tl\" data-width=\"116px,,54px\" data-height=\"2px,,1px\" data-responsive-scale=\"true,,\"><\/div>\n<\/div>\n<\/div>\n<script>\n(window.depicterSetups = window.depicterSetups || []).push(function(){\n\tDepicter.basePath = 'https:\/\/salinasgold.com.br\/wp-content\/plugins\/depicter\/resources\/scripts\/player\/';\n\tconst dpPlayer = Depicter.setup('.depicter-108',\n\t\t{\"width\":[\"1200\",\"1024\",\"360\"],\"height\":[\"550\",\"700\",\"740\"],\"view\":\"fade\",\"keepAspectRatio\":true,\"preload\":0,\"layout\":\"fullwidth\",\"rtl\":false,\"initAfterAppear\":false,\"ajaxApiUrl\":\"https:\\\/\\\/salinasgold.com.br\\\/wp-admin\\\/admin-ajax.php\",\"mouseSwipe\":true,\"touchSwipe\":true,\"navigator\":{\"slickType\":\"scroll\",\"slickerSpeed\":0.233,\"easing\":\"linear\"},\"useWatermark\":false}\n\t);\n});\n<\/script><\/div>\n\t\t\t\t\t\t<\/div>\n\t\t\t\t\t<\/div>\n\t\t\t\t<\/div>\n\t\t\t\t<\/div>","protected":false},"excerpt":{"rendered":"<p>Juntos, construindo um futuro mais sustent\u00e1vel! Acreditamos que \u00e9 poss\u00edvel fazer neg\u00f3cios de maneira \u00e9tica e respons\u00e1vel, respeitando o meio ambiente e a sociedade. Por isso, trabalhamos todos os dias para implementar pr\u00e1ticas e pol\u00edticas sustent\u00e1veis em todas as \u00e1reas da nossa empresa. Juntos, podemos fazer a diferen\u00e7a! Na Salinas Gold, a sustentabilidade \u00e9 parte [&hellip;]<\/p>","protected":false},"author":2,"featured_media":15,"parent":0,"menu_order":0,"comment_status":"closed","ping_status":"closed","template":"","meta":{"footnotes":""},"class_list":["post-63","page","type-page","status-publish","has-post-thumbnail","hentry"],"_links":{"self":[{"href":"https:\/\/salinasgold.com.br\/en\/wp-json\/wp\/v2\/pages\/63","targetHints":{"allow":["GET"]}}],"collection":[{"href":"https:\/\/salinasgold.com.br\/en\/wp-json\/wp\/v2\/pages"}],"about":[{"href":"https:\/\/salinasgold.com.br\/en\/wp-json\/wp\/v2\/types\/page"}],"author":[{"embeddable":true,"href":"https:\/\/salinasgold.com.br\/en\/wp-json\/wp\/v2\/users\/2"}],"replies":[{"embeddable":true,"href":"https:\/\/salinasgold.com.br\/en\/wp-json\/wp\/v2\/comments?post=63"}],"version-history":[{"count":85,"href":"https:\/\/salinasgold.com.br\/en\/wp-json\/wp\/v2\/pages\/63\/revisions"}],"predecessor-version":[{"id":1167,"href":"https:\/\/salinasgold.com.br\/en\/wp-json\/wp\/v2\/pages\/63\/revisions\/1167"}],"wp:featuredmedia":[{"embeddable":true,"href":"https:\/\/salinasgold.com.br\/en\/wp-json\/wp\/v2\/media\/15"}],"wp:attachment":[{"href":"https:\/\/salinasgold.com.br\/en\/wp-json\/wp\/v2\/media?parent=63"}],"curies":[{"name":"wp","href":"https:\/\/api.w.org\/{rel}","templated":true}]}}