{"id":66,"date":"2025-07-21T18:56:54","date_gmt":"2025-07-21T18:56:54","guid":{"rendered":"https:\/\/salinasgold.com.br\/?page_id=66"},"modified":"2025-08-21T16:08:27","modified_gmt":"2025-08-21T16:08:27","slug":"noticias","status":"publish","type":"page","link":"https:\/\/salinasgold.com.br\/en\/noticias\/","title":{"rendered":"News"},"content":{"rendered":"<div data-elementor-type=\"wp-page\" data-elementor-id=\"66\" class=\"elementor elementor-66\" data-elementor-post-type=\"page\">\n\t\t\t\t<div data-particle_enable=\"false\" data-particle-mobile-disabled=\"false\" class=\"elementor-element elementor-element-de95e01 e-flex e-con-boxed e-con e-parent\" data-id=\"de95e01\" data-element_type=\"container\" data-e-type=\"container\" data-settings=\"{&quot;background_background&quot;:&quot;classic&quot;}\">\n\t\t\t\t\t<div class=\"e-con-inner\">\n\t\t\t\t<div class=\"elementor-element elementor-element-ef5421d elementor-widget__width-initial elementor-widget elementor-widget-heading\" data-id=\"ef5421d\" data-element_type=\"widget\" data-e-type=\"widget\" data-widget_type=\"heading.default\">\n\t\t\t\t\t<h2 class=\"elementor-heading-title elementor-size-default\">News &amp; Media<\/h2>\t\t\t\t<\/div>\n\t\t\t\t<div class=\"elementor-element elementor-element-388a021 elementor-widget__width-initial elementor-widget elementor-widget-text-editor\" data-id=\"388a021\" data-element_type=\"widget\" data-e-type=\"widget\" data-widget_type=\"text-editor.default\">\n\t\t\t\t\t\t\t\t\tHere you can follow the main news about Salinas.\t\t\t\t\t\t\t\t<\/div>\n\t\t\t\t\t<\/div>\n\t\t\t\t<\/div>\n\t\t<div data-particle_enable=\"false\" data-particle-mobile-disabled=\"false\" class=\"elementor-element elementor-element-b753c4b e-flex e-con-boxed e-con e-parent\" data-id=\"b753c4b\" data-element_type=\"container\" data-e-type=\"container\">\n\t\t\t\t\t<div class=\"e-con-inner\">\n\t\t<div data-particle_enable=\"false\" data-particle-mobile-disabled=\"false\" class=\"elementor-element elementor-element-827c268 e-con-full e-flex e-con e-child\" data-id=\"827c268\" data-element_type=\"container\" data-e-type=\"container\" data-settings=\"{&quot;background_background&quot;:&quot;classic&quot;}\">\n\t\t<div data-particle_enable=\"false\" data-particle-mobile-disabled=\"false\" class=\"elementor-element elementor-element-9740bf4 e-con-full e-flex e-con e-child\" data-id=\"9740bf4\" data-element_type=\"container\" data-e-type=\"container\">\n\t\t\t\t<div class=\"elementor-element elementor-element-db01c61 elementor-widget elementor-widget-heading\" data-id=\"db01c61\" data-element_type=\"widget\" data-e-type=\"widget\" data-widget_type=\"heading.default\">\n\t\t\t\t\t<h2 class=\"elementor-heading-title elementor-size-default\">Press Room<\/h2>\t\t\t\t<\/div>\n\t\t\t\t<div class=\"elementor-element elementor-element-bae9e3d elementor-widget-divider--view-line elementor-widget elementor-widget-divider\" data-id=\"bae9e3d\" data-element_type=\"widget\" data-e-type=\"widget\" data-widget_type=\"divider.default\">\n\t\t\t\t\t\t\t<div class=\"elementor-divider\">\n\t\t\t<span class=\"elementor-divider-separator\">\n\t\t\t\t\t\t<\/span>\n\t\t<\/div>\n\t\t\t\t\t\t<\/div>\n\t\t\t\t<\/div>\n\t\t<div data-particle_enable=\"false\" data-particle-mobile-disabled=\"false\" class=\"elementor-element elementor-element-ef039e9 e-con-full e-flex e-con e-child\" data-id=\"ef039e9\" data-element_type=\"container\" data-e-type=\"container\">\n\t\t\t\t<div class=\"elementor-element elementor-element-6a018b6 elementor-widget elementor-widget-heading\" data-id=\"6a018b6\" data-element_type=\"widget\" data-e-type=\"widget\" data-widget_type=\"heading.default\">\n\t\t\t\t\t<h2 class=\"elementor-heading-title elementor-size-default\">At Salinas Gold, our focus on results goes hand in hand with our commitment to society and the environment.<\/h2>\t\t\t\t<\/div>\n\t\t\t\t<\/div>\n\t\t\t\t<\/div>\n\t\t\t\t\t<\/div>\n\t\t\t\t<\/div>\n\t\t<div data-particle_enable=\"false\" data-particle-mobile-disabled=\"false\" class=\"elementor-element elementor-element-4b2627f e-flex e-con-boxed e-con e-parent\" data-id=\"4b2627f\" data-element_type=\"container\" data-e-type=\"container\" data-settings=\"{&quot;background_background&quot;:&quot;classic&quot;}\">\n\t\t\t\t\t<div class=\"e-con-inner\">\n\t\t<div data-particle_enable=\"false\" data-particle-mobile-disabled=\"false\" class=\"elementor-element elementor-element-c401632 e-con-full e-flex e-con e-child\" data-id=\"c401632\" data-element_type=\"container\" data-e-type=\"container\" data-settings=\"{&quot;background_background&quot;:&quot;classic&quot;}\">\n\t\t\t\t<div class=\"elementor-element elementor-element-8dca040 elementor-grid-2 elementor-grid-tablet-2 elementor-grid-mobile-1 elementor-posts--thumbnail-top elementor-posts__hover-gradient elementor-widget elementor-widget-posts\" data-id=\"8dca040\" data-element_type=\"widget\" data-e-type=\"widget\" data-settings=\"{&quot;cards_columns&quot;:&quot;2&quot;,&quot;cards_columns_tablet&quot;:&quot;2&quot;,&quot;cards_columns_mobile&quot;:&quot;1&quot;,&quot;cards_row_gap&quot;:{&quot;unit&quot;:&quot;px&quot;,&quot;size&quot;:35,&quot;sizes&quot;:[]},&quot;cards_row_gap_tablet&quot;:{&quot;unit&quot;:&quot;px&quot;,&quot;size&quot;:&quot;&quot;,&quot;sizes&quot;:[]},&quot;cards_row_gap_mobile&quot;:{&quot;unit&quot;:&quot;px&quot;,&quot;size&quot;:&quot;&quot;,&quot;sizes&quot;:[]}}\" data-widget_type=\"posts.cards\">\n\t\t\t\t<div class=\"elementor-widget-container\">\n\t\t\t\t\t\t\t<div class=\"elementor-posts-container elementor-posts elementor-posts--skin-cards elementor-grid\">\n\t\t\t\t<article class=\"elementor-post elementor-grid-item post-1532 post type-post status-publish format-standard has-post-thumbnail hentry category-uncategorized\">\n\t\t\t<div class=\"elementor-post__card\">\n\t\t\t\t<a class=\"elementor-post__thumbnail__link\" href=\"https:\/\/salinasgold.com.br\/en\/salinas-gold-e-reconhecida-internacionalmente-por-projeto-de-rede-privada-em-parceria-com-a-nokia\/\" tabindex=\"-1\" target=\"_blank\"><div class=\"elementor-post__thumbnail\"><img fetchpriority=\"high\" decoding=\"async\" width=\"300\" height=\"173\" src=\"https:\/\/salinasgold.com.br\/wp-content\/uploads\/2025\/11\/Prancheta-1-copiar-2-300x173.png\" class=\"attachment-medium size-medium wp-image-1533\" alt=\"\" srcset=\"https:\/\/salinasgold.com.br\/wp-content\/uploads\/2025\/11\/Prancheta-1-copiar-2-300x173.png 300w, https:\/\/salinasgold.com.br\/wp-content\/uploads\/2025\/11\/Prancheta-1-copiar-2-1024x592.png 1024w, https:\/\/salinasgold.com.br\/wp-content\/uploads\/2025\/11\/Prancheta-1-copiar-2-768x444.png 768w, https:\/\/salinasgold.com.br\/wp-content\/uploads\/2025\/11\/Prancheta-1-copiar-2-1536x887.png 1536w, https:\/\/salinasgold.com.br\/wp-content\/uploads\/2025\/11\/Prancheta-1-copiar-2-2048x1183.png 2048w, https:\/\/salinasgold.com.br\/wp-content\/uploads\/2025\/11\/Prancheta-1-copiar-2-18x10.png 18w, https:\/\/salinasgold.com.br\/wp-content\/uploads\/2025\/11\/Prancheta-1-copiar-2-200x116.png 200w\" sizes=\"(max-width: 300px) 100vw, 300px\" \/><\/div><\/a>\n\t\t\t\t<div class=\"elementor-post__text\">\n\t\t\t\t<h3 class=\"elementor-post__title\">\n\t\t\t<a href=\"https:\/\/salinasgold.com.br\/en\/salinas-gold-e-reconhecida-internacionalmente-por-projeto-de-rede-privada-em-parceria-com-a-nokia\/\" target=\"&quot;_blank&quot;\">\n\t\t\t\tSalinas Gold \u00e9 reconhecida internacionalmente por projeto de rede privada em parceria com a Nokia Corporation, \u00c1vato Tecnologia e Venko Networks.\t\t\t<\/a>\n\t\t<\/h3>\n\t\t\t\t<div class=\"elementor-post__excerpt\">\n\t\t\t<p>Nossa Senhora do Livramento (MT), novembro de 2025 A Salinas Gold Minera\u00e7\u00e3o Ltda. tem orgulho em anunciar que foi reconhecida<\/p>\n\t\t<\/div>\n\t\t\t\t<\/div>\n\t\t\t\t\t<\/div>\n\t\t<\/article>\n\t\t\t\t<article class=\"elementor-post elementor-grid-item post-1512 post type-post status-publish format-standard has-post-thumbnail hentry category-uncategorized\">\n\t\t\t<div class=\"elementor-post__card\">\n\t\t\t\t<a class=\"elementor-post__thumbnail__link\" href=\"https:\/\/salinasgold.com.br\/en\/salinas-gold-mineracao-integra-o-conselho-tematico-de-relacoes-do-trabalho-e-gestao-de-pessoas-da-fiemt\/\" tabindex=\"-1\" target=\"_blank\"><div class=\"elementor-post__thumbnail\"><img decoding=\"async\" width=\"300\" height=\"225\" src=\"https:\/\/salinasgold.com.br\/wp-content\/uploads\/2025\/10\/WhatsApp-Image-2025-10-29-at-17.29.54-300x225.jpeg\" class=\"attachment-medium size-medium wp-image-1515\" alt=\"\" srcset=\"https:\/\/salinasgold.com.br\/wp-content\/uploads\/2025\/10\/WhatsApp-Image-2025-10-29-at-17.29.54-300x225.jpeg 300w, https:\/\/salinasgold.com.br\/wp-content\/uploads\/2025\/10\/WhatsApp-Image-2025-10-29-at-17.29.54-1024x768.jpeg 1024w, https:\/\/salinasgold.com.br\/wp-content\/uploads\/2025\/10\/WhatsApp-Image-2025-10-29-at-17.29.54-768x576.jpeg 768w, https:\/\/salinasgold.com.br\/wp-content\/uploads\/2025\/10\/WhatsApp-Image-2025-10-29-at-17.29.54-1536x1152.jpeg 1536w, https:\/\/salinasgold.com.br\/wp-content\/uploads\/2025\/10\/WhatsApp-Image-2025-10-29-at-17.29.54-16x12.jpeg 16w, https:\/\/salinasgold.com.br\/wp-content\/uploads\/2025\/10\/WhatsApp-Image-2025-10-29-at-17.29.54-200x150.jpeg 200w, https:\/\/salinasgold.com.br\/wp-content\/uploads\/2025\/10\/WhatsApp-Image-2025-10-29-at-17.29.54.jpeg 1600w\" sizes=\"(max-width: 300px) 100vw, 300px\" \/><\/div><\/a>\n\t\t\t\t<div class=\"elementor-post__text\">\n\t\t\t\t<h3 class=\"elementor-post__title\">\n\t\t\t<a href=\"https:\/\/salinasgold.com.br\/en\/salinas-gold-mineracao-integra-o-conselho-tematico-de-relacoes-do-trabalho-e-gestao-de-pessoas-da-fiemt\/\" target=\"&quot;_blank&quot;\">\n\t\t\t\tSalinas Gold Minera\u00e7\u00e3o integra o Conselho Tem\u00e1tico de Rela\u00e7\u00f5es do Trabalho e Gest\u00e3o de Pessoas da FIEMT\t\t\t<\/a>\n\t\t<\/h3>\n\t\t\t\t<div class=\"elementor-post__excerpt\">\n\t\t\t<p>A Salinas Gold Minera\u00e7\u00e3o agora integra o Conselho Tem\u00e1tico de Rela\u00e7\u00f5es do Trabalho e Gest\u00e3o Estrat\u00e9gica de Pessoas (CRT) da<\/p>\n\t\t<\/div>\n\t\t\t\t<\/div>\n\t\t\t\t\t<\/div>\n\t\t<\/article>\n\t\t\t\t<article class=\"elementor-post elementor-grid-item post-721 post type-post status-publish format-standard has-post-thumbnail hentry category-uncategorized\">\n\t\t\t<div class=\"elementor-post__card\">\n\t\t\t\t<a class=\"elementor-post__thumbnail__link\" href=\"https:\/\/salinasgold.com.br\/en\/salinas-gold-apoia-campanha-adote-um-pet-e-vacinamos-300-animais-em-pocone\/\" tabindex=\"-1\" target=\"_blank\"><div class=\"elementor-post__thumbnail\"><img decoding=\"async\" width=\"300\" height=\"300\" src=\"https:\/\/salinasgold.com.br\/wp-content\/uploads\/2025\/07\/70043d88-5256-4ebb-9f47-49ecc960cae9-300x300.jpg\" class=\"attachment-medium size-medium wp-image-723\" alt=\"\" srcset=\"https:\/\/salinasgold.com.br\/wp-content\/uploads\/2025\/07\/70043d88-5256-4ebb-9f47-49ecc960cae9-300x300.jpg 300w, https:\/\/salinasgold.com.br\/wp-content\/uploads\/2025\/07\/70043d88-5256-4ebb-9f47-49ecc960cae9-1024x1024.jpg 1024w, https:\/\/salinasgold.com.br\/wp-content\/uploads\/2025\/07\/70043d88-5256-4ebb-9f47-49ecc960cae9-150x150.jpg 150w, https:\/\/salinasgold.com.br\/wp-content\/uploads\/2025\/07\/70043d88-5256-4ebb-9f47-49ecc960cae9-768x768.jpg 768w, https:\/\/salinasgold.com.br\/wp-content\/uploads\/2025\/07\/70043d88-5256-4ebb-9f47-49ecc960cae9-200x200.jpg 200w, https:\/\/salinasgold.com.br\/wp-content\/uploads\/2025\/07\/70043d88-5256-4ebb-9f47-49ecc960cae9.jpg 1536w\" sizes=\"(max-width: 300px) 100vw, 300px\" \/><\/div><\/a>\n\t\t\t\t<div class=\"elementor-post__text\">\n\t\t\t\t<h3 class=\"elementor-post__title\">\n\t\t\t<a href=\"https:\/\/salinasgold.com.br\/en\/salinas-gold-apoia-campanha-adote-um-pet-e-vacinamos-300-animais-em-pocone\/\" target=\"&quot;_blank&quot;\">\n\t\t\t\tSalinas Gold supports the \u201cAdopt a Pet\u201d campaign and has vaccinated 300 animals in Pocon\u00e9\t\t\t<\/a>\n\t\t<\/h3>\n\t\t\t\t<div class=\"elementor-post__excerpt\">\n\t\t\t<p>On July 9, we carried out a very special initiative in Pocon\u00e9: the \u201cAdopt a Pet\u201d Campaign, focused on<\/p>\n\t\t<\/div>\n\t\t\t\t<\/div>\n\t\t\t\t\t<\/div>\n\t\t<\/article>\n\t\t\t\t<article class=\"elementor-post elementor-grid-item post-703 post type-post status-publish format-standard has-post-thumbnail hentry category-uncategorized\">\n\t\t\t<div class=\"elementor-post__card\">\n\t\t\t\t<a class=\"elementor-post__thumbnail__link\" href=\"https:\/\/salinasgold.com.br\/en\/julho-foi-mes-de-reconhecer-e-valorizar-nossos-motoristas\/\" tabindex=\"-1\" target=\"_blank\"><div class=\"elementor-post__thumbnail\"><img loading=\"lazy\" decoding=\"async\" width=\"300\" height=\"200\" src=\"https:\/\/salinasgold.com.br\/wp-content\/uploads\/2025\/07\/WhatsApp-Image-2025-07-31-at-10.17.00-300x200.jpeg\" class=\"attachment-medium size-medium wp-image-488\" alt=\"\" srcset=\"https:\/\/salinasgold.com.br\/wp-content\/uploads\/2025\/07\/WhatsApp-Image-2025-07-31-at-10.17.00-300x200.jpeg 300w, https:\/\/salinasgold.com.br\/wp-content\/uploads\/2025\/07\/WhatsApp-Image-2025-07-31-at-10.17.00-1024x682.jpeg 1024w, https:\/\/salinasgold.com.br\/wp-content\/uploads\/2025\/07\/WhatsApp-Image-2025-07-31-at-10.17.00-768x512.jpeg 768w, https:\/\/salinasgold.com.br\/wp-content\/uploads\/2025\/07\/WhatsApp-Image-2025-07-31-at-10.17.00-1536x1024.jpeg 1536w, https:\/\/salinasgold.com.br\/wp-content\/uploads\/2025\/07\/WhatsApp-Image-2025-07-31-at-10.17.00-2048x1365.jpeg 2048w, https:\/\/salinasgold.com.br\/wp-content\/uploads\/2025\/07\/WhatsApp-Image-2025-07-31-at-10.17.00-200x133.jpeg 200w\" sizes=\"(max-width: 300px) 100vw, 300px\" \/><\/div><\/a>\n\t\t\t\t<div class=\"elementor-post__text\">\n\t\t\t\t<h3 class=\"elementor-post__title\">\n\t\t\t<a href=\"https:\/\/salinasgold.com.br\/en\/julho-foi-mes-de-reconhecer-e-valorizar-nossos-motoristas\/\" target=\"&quot;_blank&quot;\">\n\t\t\t\tJuly was a month to recognize and appreciate our drivers\t\t\t<\/a>\n\t\t<\/h3>\n\t\t\t\t<div class=\"elementor-post__excerpt\">\n\t\t\t<p>In July, we held the Driver\u2019s Month Campaign here at Salinas Gold Mining, especially dedicated to our employees<\/p>\n\t\t<\/div>\n\t\t\t\t<\/div>\n\t\t\t\t\t<\/div>\n\t\t<\/article>\n\t\t\t\t<\/div>\n\t\t\n\t\t\t\t\t\t<\/div>\n\t\t\t\t<\/div>\n\t\t\t\t<\/div>\n\t\t<div data-particle_enable=\"false\" data-particle-mobile-disabled=\"false\" class=\"elementor-element elementor-element-1dfef2a e-con-full e-flex e-con e-child\" data-id=\"1dfef2a\" data-element_type=\"container\" data-e-type=\"container\" data-settings=\"{&quot;background_background&quot;:&quot;classic&quot;}\">\n\t\t\t\t<div class=\"elementor-element elementor-element-eb457af elementor-share-buttons--view-icon elementor-share-buttons--align-left elementor-grid-tablet-3 elementor-grid-mobile-5 elementor-share-buttons--skin-minimal elementor-share-buttons--color-custom elementor-share-buttons--shape-square elementor-grid-0 elementor-widget elementor-widget-share-buttons\" data-id=\"eb457af\" data-element_type=\"widget\" data-e-type=\"widget\" data-widget_type=\"share-buttons.default\">\n\t\t\t\t\t\t\t<div class=\"elementor-grid\" role=\"list\">\n\t\t\t\t\t\t\t\t<div class=\"elementor-grid-item\" role=\"listitem\">\n\t\t\t\t\t\t<div class=\"elementor-share-btn elementor-share-btn_linkedin\" role=\"button\" tabindex=\"0\" aria-label=\"Share on linkedin\">\n\t\t\t\t\t\t\t\t\t\t\t\t\t\t\t<span class=\"elementor-share-btn__icon\">\n\t\t\t\t\t\t\t\t<svg class=\"e-font-icon-svg e-fab-linkedin\" viewbox=\"0 0 448 512\" xmlns=\"http:\/\/www.w3.org\/2000\/svg\"><path d=\"M416 32H31.9C14.3 32 0 46.5 0 64.3v383.4C0 465.5 14.3 480 31.9 480H416c17.6 0 32-14.5 32-32.3V64.3c0-17.8-14.4-32.3-32-32.3zM135.4 416H69V202.2h66.5V416zm-33.2-243c-21.3 0-38.5-17.3-38.5-38.5S80.9 96 102.2 96c21.2 0 38.5 17.3 38.5 38.5 0 21.3-17.2 38.5-38.5 38.5zm282.1 243h-66.4V312c0-24.8-.5-56.7-34.5-56.7-34.6 0-39.9 27-39.9 54.9V416h-66.4V202.2h63.7v29.2h.9c8.9-16.8 30.6-34.5 62.9-34.5 67.2 0 79.7 44.3 79.7 101.9V416z\"><\/path><\/svg>\t\t\t\t\t\t\t<\/span>\n\t\t\t\t\t\t\t\t\t\t\t\t\t\t\t\t\t\t\t\t<\/div>\n\t\t\t\t\t<\/div>\n\t\t\t\t\t\t\t\t\t<div class=\"elementor-grid-item\" role=\"listitem\">\n\t\t\t\t\t\t<div class=\"elementor-share-btn elementor-share-btn_email\" role=\"button\" tabindex=\"0\" aria-label=\"Share on email\">\n\t\t\t\t\t\t\t\t\t\t\t\t\t\t\t<span class=\"elementor-share-btn__icon\">\n\t\t\t\t\t\t\t\t<svg class=\"e-font-icon-svg e-fas-envelope\" viewbox=\"0 0 512 512\" xmlns=\"http:\/\/www.w3.org\/2000\/svg\"><path d=\"M502.3 190.8c3.9-3.1 9.7-.2 9.7 4.7V400c0 26.5-21.5 48-48 48H48c-26.5 0-48-21.5-48-48V195.6c0-5 5.7-7.8 9.7-4.7 22.4 17.4 52.1 39.5 154.1 113.6 21.1 15.4 56.7 47.8 92.2 47.6 35.7.3 72-32.8 92.3-47.6 102-74.1 131.6-96.3 154-113.7zM256 320c23.2.4 56.6-29.2 73.4-41.4 132.7-96.3 142.8-104.7 173.4-128.7 5.8-4.5 9.2-11.5 9.2-18.9v-19c0-26.5-21.5-48-48-48H48C21.5 64 0 85.5 0 112v19c0 7.4 3.4 14.3 9.2 18.9 30.6 23.9 40.7 32.4 173.4 128.7 16.8 12.2 50.2 41.8 73.4 41.4z\"><\/path><\/svg>\t\t\t\t\t\t\t<\/span>\n\t\t\t\t\t\t\t\t\t\t\t\t\t\t\t\t\t\t\t\t<\/div>\n\t\t\t\t\t<\/div>\n\t\t\t\t\t\t<\/div>\n\t\t\t\t\t\t<\/div>\n\t\t\t\t<div class=\"elementor-element elementor-element-73cf270 elementor-widget elementor-widget-heading\" data-id=\"73cf270\" data-element_type=\"widget\" data-e-type=\"widget\" data-widget_type=\"heading.default\">\n\t\t\t\t\t<h2 class=\"elementor-heading-title elementor-size-default\">Latest News:<\/h2>\t\t\t\t<\/div>\n\t\t\t\t<div class=\"elementor-element elementor-element-be668c4 elementor-grid-1 elementor-posts--thumbnail-none elementor-grid-tablet-1 elementor-grid-mobile-1 elementor-widget elementor-widget-posts\" data-id=\"be668c4\" data-element_type=\"widget\" data-e-type=\"widget\" data-settings=\"{&quot;classic_columns&quot;:&quot;1&quot;,&quot;classic_columns_tablet&quot;:&quot;1&quot;,&quot;classic_row_gap&quot;:{&quot;unit&quot;:&quot;px&quot;,&quot;size&quot;:40,&quot;sizes&quot;:[]},&quot;classic_columns_mobile&quot;:&quot;1&quot;,&quot;classic_row_gap_tablet&quot;:{&quot;unit&quot;:&quot;px&quot;,&quot;size&quot;:&quot;&quot;,&quot;sizes&quot;:[]},&quot;classic_row_gap_mobile&quot;:{&quot;unit&quot;:&quot;px&quot;,&quot;size&quot;:&quot;&quot;,&quot;sizes&quot;:[]}}\" data-widget_type=\"posts.classic\">\n\t\t\t\t<div class=\"elementor-widget-container\">\n\t\t\t\t\t\t\t<div class=\"elementor-posts-container elementor-posts elementor-posts--skin-classic elementor-grid\">\n\t\t\t\t<article class=\"elementor-post elementor-grid-item post-1532 post type-post status-publish format-standard has-post-thumbnail hentry category-uncategorized\">\n\t\t\t\t<div class=\"elementor-post__text\">\n\t\t\t\t<h3 class=\"elementor-post__title\">\n\t\t\t<a href=\"https:\/\/salinasgold.com.br\/en\/salinas-gold-e-reconhecida-internacionalmente-por-projeto-de-rede-privada-em-parceria-com-a-nokia\/\" >\n\t\t\t\tSalinas Gold \u00e9 reconhecida internacionalmente por projeto de rede privada em parceria com a Nokia Corporation, \u00c1vato Tecnologia e Venko Networks.\t\t\t<\/a>\n\t\t<\/h3>\n\t\t\n\t\t<a class=\"elementor-post__read-more\" href=\"https:\/\/salinasgold.com.br\/en\/salinas-gold-e-reconhecida-internacionalmente-por-projeto-de-rede-privada-em-parceria-com-a-nokia\/\" aria-label=\"Read more about Salinas Gold \u00e9 reconhecida internacionalmente por projeto de rede privada em parceria com a Nokia Corporation, \u00c1vato Tecnologia e Venko Networks.\" tabindex=\"-1\" >\n\t\t\tRead More\t\t<\/a>\n\n\t\t\t\t<\/div>\n\t\t\t\t<\/article>\n\t\t\t\t<article class=\"elementor-post elementor-grid-item post-1512 post type-post status-publish format-standard has-post-thumbnail hentry category-uncategorized\">\n\t\t\t\t<div class=\"elementor-post__text\">\n\t\t\t\t<h3 class=\"elementor-post__title\">\n\t\t\t<a href=\"https:\/\/salinasgold.com.br\/en\/salinas-gold-mineracao-integra-o-conselho-tematico-de-relacoes-do-trabalho-e-gestao-de-pessoas-da-fiemt\/\" >\n\t\t\t\tSalinas Gold Minera\u00e7\u00e3o integra o Conselho Tem\u00e1tico de Rela\u00e7\u00f5es do Trabalho e Gest\u00e3o de Pessoas da FIEMT\t\t\t<\/a>\n\t\t<\/h3>\n\t\t\n\t\t<a class=\"elementor-post__read-more\" href=\"https:\/\/salinasgold.com.br\/en\/salinas-gold-mineracao-integra-o-conselho-tematico-de-relacoes-do-trabalho-e-gestao-de-pessoas-da-fiemt\/\" aria-label=\"Read more about Salinas Gold Minera\u00e7\u00e3o integra o Conselho Tem\u00e1tico de Rela\u00e7\u00f5es do Trabalho e Gest\u00e3o de Pessoas da FIEMT\" tabindex=\"-1\" >\n\t\t\tRead More\t\t<\/a>\n\n\t\t\t\t<\/div>\n\t\t\t\t<\/article>\n\t\t\t\t<article class=\"elementor-post elementor-grid-item post-721 post type-post status-publish format-standard has-post-thumbnail hentry category-uncategorized\">\n\t\t\t\t<div class=\"elementor-post__text\">\n\t\t\t\t<h3 class=\"elementor-post__title\">\n\t\t\t<a href=\"https:\/\/salinasgold.com.br\/en\/salinas-gold-apoia-campanha-adote-um-pet-e-vacinamos-300-animais-em-pocone\/\" >\n\t\t\t\tSalinas Gold supports the \u201cAdopt a Pet\u201d campaign and has vaccinated 300 animals in Pocon\u00e9\t\t\t<\/a>\n\t\t<\/h3>\n\t\t\n\t\t<a class=\"elementor-post__read-more\" href=\"https:\/\/salinasgold.com.br\/en\/salinas-gold-apoia-campanha-adote-um-pet-e-vacinamos-300-animais-em-pocone\/\" aria-label=\"Read more about Salinas Gold apoia campanha \u201cAdote um Pet\u201d e vacinamos 300 animais em Pocon\u00e9\" tabindex=\"-1\" >\n\t\t\tRead More\t\t<\/a>\n\n\t\t\t\t<\/div>\n\t\t\t\t<\/article>\n\t\t\t\t<article class=\"elementor-post elementor-grid-item post-703 post type-post status-publish format-standard has-post-thumbnail hentry category-uncategorized\">\n\t\t\t\t<div class=\"elementor-post__text\">\n\t\t\t\t<h3 class=\"elementor-post__title\">\n\t\t\t<a href=\"https:\/\/salinasgold.com.br\/en\/julho-foi-mes-de-reconhecer-e-valorizar-nossos-motoristas\/\" >\n\t\t\t\tJuly was a month to recognize and appreciate our drivers\t\t\t<\/a>\n\t\t<\/h3>\n\t\t\n\t\t<a class=\"elementor-post__read-more\" href=\"https:\/\/salinasgold.com.br\/en\/julho-foi-mes-de-reconhecer-e-valorizar-nossos-motoristas\/\" aria-label=\"Read more about Julho foi m\u00eas de reconhecer e valorizar nossos motoristas\" tabindex=\"-1\" >\n\t\t\tRead More\t\t<\/a>\n\n\t\t\t\t<\/div>\n\t\t\t\t<\/article>\n\t\t\t\t<\/div>\n\t\t\n\t\t\t\t\t\t<\/div>\n\t\t\t\t<\/div>\n\t\t\t\t<\/div>\n\t\t\t\t\t<\/div>\n\t\t\t\t<\/div>\n\t\t\t\t<\/div>","protected":false},"excerpt":{"rendered":"<p>Not\u00edcias e M\u00eddias Aqui voc\u00ea acompanha as principais not\u00edcias sobre a Salinas. Sala de Imprensa Na Salinas Gold, o foco em resultados anda em conson\u00e2ncia<\/p>","protected":false},"author":2,"featured_media":15,"parent":0,"menu_order":0,"comment_status":"closed","ping_status":"closed","template":"","meta":{"footnotes":""},"class_list":["post-66","page","type-page","status-publish","has-post-thumbnail","hentry"],"_links":{"self":[{"href":"https:\/\/salinasgold.com.br\/en\/wp-json\/wp\/v2\/pages\/66","targetHints":{"allow":["GET"]}}],"collection":[{"href":"https:\/\/salinasgold.com.br\/en\/wp-json\/wp\/v2\/pages"}],"about":[{"href":"https:\/\/salinasgold.com.br\/en\/wp-json\/wp\/v2\/types\/page"}],"author":[{"embeddable":true,"href":"https:\/\/salinasgold.com.br\/en\/wp-json\/wp\/v2\/users\/2"}],"replies":[{"embeddable":true,"href":"https:\/\/salinasgold.com.br\/en\/wp-json\/wp\/v2\/comments?post=66"}],"version-history":[{"count":40,"href":"https:\/\/salinasgold.com.br\/en\/wp-json\/wp\/v2\/pages\/66\/revisions"}],"predecessor-version":[{"id":1185,"href":"https:\/\/salinasgold.com.br\/en\/wp-json\/wp\/v2\/pages\/66\/revisions\/1185"}],"wp:featuredmedia":[{"embeddable":true,"href":"https:\/\/salinasgold.com.br\/en\/wp-json\/wp\/v2\/media\/15"}],"wp:attachment":[{"href":"https:\/\/salinasgold.com.br\/en\/wp-json\/wp\/v2\/media?parent=66"}],"curies":[{"name":"wp","href":"https:\/\/api.w.org\/{rel}","templated":true}]}}